{"id":1158,"date":"2022-06-15T07:41:41","date_gmt":"2022-06-15T07:41:41","guid":{"rendered":"https:\/\/nicktesting.kinsta.cloud\/shopdiko1\/?page_id=1158"},"modified":"2024-08-14T11:27:26","modified_gmt":"2024-08-14T11:27:26","slug":"nosotros","status":"publish","type":"page","link":"https:\/\/xn--ferreteriamendeznuez-l7b.es\/index.php\/nosotros\/","title":{"rendered":"About"},"content":{"rendered":"\t\t<div data-elementor-type=\"wp-page\" data-elementor-id=\"1158\" class=\"elementor elementor-1158\">\n\t\t\t\t\t\t<section class=\"elementor-section elementor-top-section elementor-element elementor-element-5502618 elementor-section-boxed elementor-section-height-default elementor-section-height-default wpr-particle-no wpr-jarallax-no wpr-parallax-no wpr-sticky-section-no\" data-id=\"5502618\" data-element_type=\"section\" data-settings=\"{&quot;background_background&quot;:&quot;classic&quot;,&quot;_ha_eqh_enable&quot;:false}\">\n\t\t\t\t\t\t\t<div class=\"elementor-background-overlay\"><\/div>\n\t\t\t\t\t\t\t<div class=\"elementor-container elementor-column-gap-default\">\n\t\t\t\t\t<div class=\"elementor-column elementor-col-100 elementor-top-column elementor-element elementor-element-b14fc37\" data-id=\"b14fc37\" data-element_type=\"column\">\n\t\t\t<div class=\"elementor-widget-wrap elementor-element-populated\">\n\t\t\t\t\t\t<div class=\"elementor-element elementor-element-02c38c1 elementor-widget elementor-widget-heading\" data-id=\"02c38c1\" data-element_type=\"widget\" data-widget_type=\"heading.default\">\n\t\t\t\t<div class=\"elementor-widget-container\">\n\t\t\t<style>\/*! elementor - v3.23.0 - 05-08-2024 *\/\n.elementor-heading-title{padding:0;margin:0;line-height:1}.elementor-widget-heading .elementor-heading-title[class*=elementor-size-]>a{color:inherit;font-size:inherit;line-height:inherit}.elementor-widget-heading .elementor-heading-title.elementor-size-small{font-size:15px}.elementor-widget-heading .elementor-heading-title.elementor-size-medium{font-size:19px}.elementor-widget-heading .elementor-heading-title.elementor-size-large{font-size:29px}.elementor-widget-heading .elementor-heading-title.elementor-size-xl{font-size:39px}.elementor-widget-heading .elementor-heading-title.elementor-size-xxl{font-size:59px}<\/style><h2 class=\"elementor-heading-title elementor-size-default\">Ferreter\u00eda en Santa Cruz de Tenerife<\/h2>\t\t<\/div>\n\t\t\t\t<\/div>\n\t\t\t\t<div class=\"elementor-element elementor-element-7fc8373 elementor-widget-divider--view-line elementor-widget elementor-widget-divider\" data-id=\"7fc8373\" data-element_type=\"widget\" data-widget_type=\"divider.default\">\n\t\t\t\t<div class=\"elementor-widget-container\">\n\t\t\t<style>\/*! elementor - v3.23.0 - 05-08-2024 *\/\n.elementor-widget-divider{--divider-border-style:none;--divider-border-width:1px;--divider-color:#0c0d0e;--divider-icon-size:20px;--divider-element-spacing:10px;--divider-pattern-height:24px;--divider-pattern-size:20px;--divider-pattern-url:none;--divider-pattern-repeat:repeat-x}.elementor-widget-divider .elementor-divider{display:flex}.elementor-widget-divider .elementor-divider__text{font-size:15px;line-height:1;max-width:95%}.elementor-widget-divider .elementor-divider__element{margin:0 var(--divider-element-spacing);flex-shrink:0}.elementor-widget-divider .elementor-icon{font-size:var(--divider-icon-size)}.elementor-widget-divider .elementor-divider-separator{display:flex;margin:0;direction:ltr}.elementor-widget-divider--view-line_icon .elementor-divider-separator,.elementor-widget-divider--view-line_text .elementor-divider-separator{align-items:center}.elementor-widget-divider--view-line_icon .elementor-divider-separator:after,.elementor-widget-divider--view-line_icon .elementor-divider-separator:before,.elementor-widget-divider--view-line_text .elementor-divider-separator:after,.elementor-widget-divider--view-line_text .elementor-divider-separator:before{display:block;content:\"\";border-block-end:0;flex-grow:1;border-block-start:var(--divider-border-width) var(--divider-border-style) var(--divider-color)}.elementor-widget-divider--element-align-left .elementor-divider .elementor-divider-separator>.elementor-divider__svg:first-of-type{flex-grow:0;flex-shrink:100}.elementor-widget-divider--element-align-left .elementor-divider-separator:before{content:none}.elementor-widget-divider--element-align-left .elementor-divider__element{margin-left:0}.elementor-widget-divider--element-align-right .elementor-divider .elementor-divider-separator>.elementor-divider__svg:last-of-type{flex-grow:0;flex-shrink:100}.elementor-widget-divider--element-align-right .elementor-divider-separator:after{content:none}.elementor-widget-divider--element-align-right .elementor-divider__element{margin-right:0}.elementor-widget-divider--element-align-start .elementor-divider .elementor-divider-separator>.elementor-divider__svg:first-of-type{flex-grow:0;flex-shrink:100}.elementor-widget-divider--element-align-start .elementor-divider-separator:before{content:none}.elementor-widget-divider--element-align-start .elementor-divider__element{margin-inline-start:0}.elementor-widget-divider--element-align-end .elementor-divider .elementor-divider-separator>.elementor-divider__svg:last-of-type{flex-grow:0;flex-shrink:100}.elementor-widget-divider--element-align-end .elementor-divider-separator:after{content:none}.elementor-widget-divider--element-align-end .elementor-divider__element{margin-inline-end:0}.elementor-widget-divider:not(.elementor-widget-divider--view-line_text):not(.elementor-widget-divider--view-line_icon) .elementor-divider-separator{border-block-start:var(--divider-border-width) var(--divider-border-style) var(--divider-color)}.elementor-widget-divider--separator-type-pattern{--divider-border-style:none}.elementor-widget-divider--separator-type-pattern.elementor-widget-divider--view-line .elementor-divider-separator,.elementor-widget-divider--separator-type-pattern:not(.elementor-widget-divider--view-line) .elementor-divider-separator:after,.elementor-widget-divider--separator-type-pattern:not(.elementor-widget-divider--view-line) .elementor-divider-separator:before,.elementor-widget-divider--separator-type-pattern:not([class*=elementor-widget-divider--view]) .elementor-divider-separator{width:100%;min-height:var(--divider-pattern-height);-webkit-mask-size:var(--divider-pattern-size) 100%;mask-size:var(--divider-pattern-size) 100%;-webkit-mask-repeat:var(--divider-pattern-repeat);mask-repeat:var(--divider-pattern-repeat);background-color:var(--divider-color);-webkit-mask-image:var(--divider-pattern-url);mask-image:var(--divider-pattern-url)}.elementor-widget-divider--no-spacing{--divider-pattern-size:auto}.elementor-widget-divider--bg-round{--divider-pattern-repeat:round}.rtl .elementor-widget-divider .elementor-divider__text{direction:rtl}.e-con-inner>.elementor-widget-divider,.e-con>.elementor-widget-divider{width:var(--container-widget-width,100%);--flex-grow:var(--container-widget-flex-grow)}<\/style>\t\t<div class=\"elementor-divider\">\n\t\t\t<span class=\"elementor-divider-separator\">\n\t\t\t\t\t\t<\/span>\n\t\t<\/div>\n\t\t\t\t<\/div>\n\t\t\t\t<\/div>\n\t\t\t\t<section class=\"elementor-section elementor-inner-section elementor-element elementor-element-e9af921 elementor-section-boxed elementor-section-height-default elementor-section-height-default wpr-particle-no wpr-jarallax-no wpr-parallax-no wpr-sticky-section-no\" data-id=\"e9af921\" data-element_type=\"section\" data-settings=\"{&quot;_ha_eqh_enable&quot;:false}\">\n\t\t\t\t\t\t<div class=\"elementor-container elementor-column-gap-default\">\n\t\t\t\t\t<div class=\"elementor-column elementor-col-50 elementor-inner-column elementor-element elementor-element-e557777\" data-id=\"e557777\" data-element_type=\"column\">\n\t\t\t<div class=\"elementor-widget-wrap elementor-element-populated\">\n\t\t\t\t\t\t<div class=\"elementor-element elementor-element-58c7fe4 elementor-widget elementor-widget-text-editor\" data-id=\"58c7fe4\" data-element_type=\"widget\" data-widget_type=\"text-editor.default\">\n\t\t\t\t<div class=\"elementor-widget-container\">\n\t\t\t<style>\/*! elementor - v3.23.0 - 05-08-2024 *\/\n.elementor-widget-text-editor.elementor-drop-cap-view-stacked .elementor-drop-cap{background-color:#69727d;color:#fff}.elementor-widget-text-editor.elementor-drop-cap-view-framed .elementor-drop-cap{color:#69727d;border:3px solid;background-color:transparent}.elementor-widget-text-editor:not(.elementor-drop-cap-view-default) .elementor-drop-cap{margin-top:8px}.elementor-widget-text-editor:not(.elementor-drop-cap-view-default) .elementor-drop-cap-letter{width:1em;height:1em}.elementor-widget-text-editor .elementor-drop-cap{float:left;text-align:center;line-height:1;font-size:50px}.elementor-widget-text-editor .elementor-drop-cap-letter{display:inline-block}<\/style>\t\t\t\t<p>Desde nuestro nacimiento en el coraz\u00f3n de Santa Cruz de Tenerife, hemos estado comprometidos con la excelencia, no solo en los productos que ofrecemos, sino tambi\u00e9n en el servicio que brindamos a cada uno de nuestros clientes. Nuestra historia, forjada con m\u00e1s de 30 a\u00f1os de experiencia, es un testimonio de dedicaci\u00f3n, esfuerzo y pasi\u00f3n por lo que hacemos.<\/p><p>En Ferreter\u00eda M\u00e9ndez N\u00fa\u00f1ez, entendemos que cada proyecto, ya sea profesional o de bricolaje, requiere de herramientas y materiales que cumplan con los m\u00e1s altos est\u00e1ndares de calidad.<\/p>\t\t\t\t\t\t<\/div>\n\t\t\t\t<\/div>\n\t\t\t\t\t<\/div>\n\t\t<\/div>\n\t\t\t\t<div class=\"elementor-column elementor-col-50 elementor-inner-column elementor-element elementor-element-d971dbf\" data-id=\"d971dbf\" data-element_type=\"column\">\n\t\t\t<div class=\"elementor-widget-wrap elementor-element-populated\">\n\t\t\t\t\t\t<div class=\"elementor-element elementor-element-a78a324 elementor-widget elementor-widget-image\" data-id=\"a78a324\" data-element_type=\"widget\" data-widget_type=\"image.default\">\n\t\t\t\t<div class=\"elementor-widget-container\">\n\t\t\t<style>\/*! elementor - v3.23.0 - 05-08-2024 *\/\n.elementor-widget-image{text-align:center}.elementor-widget-image a{display:inline-block}.elementor-widget-image a img[src$=\".svg\"]{width:48px}.elementor-widget-image img{vertical-align:middle;display:inline-block}<\/style>\t\t\t\t\t\t\t\t\t\t<img fetchpriority=\"high\" decoding=\"async\" width=\"640\" height=\"360\" src=\"https:\/\/xn--ferreteriamendeznuez-l7b.es\/wp-content\/uploads\/2024\/08\/ferreteria-mendez-nunez-1024x576.jpg\" class=\"attachment-large size-large wp-image-2949\" alt=\"\" srcset=\"https:\/\/xn--ferreteriamendeznuez-l7b.es\/wp-content\/uploads\/2024\/08\/ferreteria-mendez-nunez-1024x576.jpg 1024w, https:\/\/xn--ferreteriamendeznuez-l7b.es\/wp-content\/uploads\/2024\/08\/ferreteria-mendez-nunez-300x169.jpg 300w, https:\/\/xn--ferreteriamendeznuez-l7b.es\/wp-content\/uploads\/2024\/08\/ferreteria-mendez-nunez-768x432.jpg 768w, https:\/\/xn--ferreteriamendeznuez-l7b.es\/wp-content\/uploads\/2024\/08\/ferreteria-mendez-nunez-800x450.jpg 800w, https:\/\/xn--ferreteriamendeznuez-l7b.es\/wp-content\/uploads\/2024\/08\/ferreteria-mendez-nunez.jpg 1280w\" sizes=\"(max-width: 640px) 100vw, 640px\" \/>\t\t\t\t\t\t\t\t\t\t\t\t\t<\/div>\n\t\t\t\t<\/div>\n\t\t\t\t\t<\/div>\n\t\t<\/div>\n\t\t\t\t\t<\/div>\n\t\t<\/section>\n\t\t\t\t<section class=\"elementor-section elementor-inner-section elementor-element elementor-element-f7bbea6 elementor-section-boxed elementor-section-height-default elementor-section-height-default wpr-particle-no wpr-jarallax-no wpr-parallax-no wpr-sticky-section-no\" data-id=\"f7bbea6\" data-element_type=\"section\" data-settings=\"{&quot;_ha_eqh_enable&quot;:false}\">\n\t\t\t\t\t\t<div class=\"elementor-container elementor-column-gap-default\">\n\t\t\t\t\t<div class=\"elementor-column elementor-col-100 elementor-inner-column elementor-element elementor-element-d171a5f\" data-id=\"d171a5f\" data-element_type=\"column\">\n\t\t\t<div class=\"elementor-widget-wrap elementor-element-populated\">\n\t\t\t\t\t\t<div class=\"elementor-element elementor-element-f87b49b elementor-widget elementor-widget-text-editor\" data-id=\"f87b49b\" data-element_type=\"widget\" data-widget_type=\"text-editor.default\">\n\t\t\t\t<div class=\"elementor-widget-container\">\n\t\t\t\t\t\t\t<p>Es por eso que hemos hecho de nuestra misi\u00f3n proporcionar soluciones. Desde el tornillo m\u00e1s peque\u00f1o hasta la maquinaria m\u00e1s robusta, en nuestro cat\u00e1logo encontrar\u00e1 una amplia gama de productos seleccionados para garantizar su durabilidad, eficacia y seguridad.<\/p><p>A lo largo de nuestra trayectoria, hemos tenido el privilegio de convertirnos en un referente dentro del sector de la ferreter\u00eda en Santa Cruz de Tenerife. Este reconocimiento no solo se debe a la calidad de nuestros productos, sino tambi\u00e9n a la relaci\u00f3n cercana y de confianza que hemos construido con nuestros clientes. Nos enorgullece ser la primera opci\u00f3n tanto para profesionales exigentes que buscan herramientas espec\u00edficas, como para los entusiastas del bricolaje que desean llevar a cabo sus proyectos con \u00e9xito.<\/p><p>Nuestro equipo, compuesto por expertos con un profundo conocimiento del sector, est\u00e1 siempre dispuesto a asesorarle en cada paso de su proyecto. Sabemos que el mundo de la ferreter\u00eda puede parecer complejo y abrumador, por lo que nos esforzamos por hacer su experiencia lo m\u00e1s sencilla y gratificante posible. Nos tomamos el tiempo para entender sus necesidades espec\u00edficas y le ofrecemos soluciones personalizadas que se adapten a su presupuesto y expectativas.<\/p><p>Adem\u00e1s, en Ferreter\u00eda M\u00e9ndez N\u00fa\u00f1ez creemos firmemente en la importancia de la innovaci\u00f3n. Nos mantenemos al d\u00eda con las \u00faltimas tendencias y avances tecnol\u00f3gicos para poder ofrecerle productos que no solo cumplan con las normativas actuales, sino que tambi\u00e9n mejoren la eficiencia y faciliten su trabajo. Nuestra visi\u00f3n es continuar evolucionando y creciendo junto a nuestros clientes, asegur\u00e1ndonos de que siempre encuentren en nosotros una fuente confiable de recursos y conocimiento.<\/p><p>El compromiso con la comunidad de Santa Cruz de Tenerife es otra de nuestras se\u00f1as de identidad. A lo largo de los a\u00f1os, hemos trabajado estrechamente con empresas locales, artesanos, constructores y particulares, contribuyendo al desarrollo y mejora de nuestra ciudad. Entendemos la importancia de apoyar y fortalecer el tejido empresarial local, y por ello, siempre buscamos colaborar con proveedores y socios que compartan nuestros valores de calidad, responsabilidad y respeto por el cliente.<\/p><p>En Ferreter\u00eda M\u00e9ndez N\u00fa\u00f1ez, no solo vendemos productos; construimos relaciones basadas en la confianza, la honestidad y el respeto mutuo. Cada cliente que entra por nuestras puertas es tratado como parte de nuestra familia, con la seguridad de que recibir\u00e1 un servicio atento, honesto y profesional. Nos esforzamos por superar sus expectativas, asegur\u00e1ndonos de que cada visita a nuestra tienda sea una experiencia positiva y satisfactoria.<\/p><p>Lo invitamos a conocernos, a descubrir por qu\u00e9 somos el referente en ferreter\u00eda en Santa Cruz de Tenerife y a experimentar la diferencia que un servicio verdaderamente comprometido puede hacer en sus proyectos. En Ferreter\u00eda M\u00e9ndez N\u00fa\u00f1ez, su \u00e9xito es nuestra prioridad, y estamos aqu\u00ed para acompa\u00f1arle en cada paso del camino, proporcionando las herramientas y el asesoramiento que necesita para llevar sus ideas a la realidad.<\/p>\t\t\t\t\t\t<\/div>\n\t\t\t\t<\/div>\n\t\t\t\t\t<\/div>\n\t\t<\/div>\n\t\t\t\t\t<\/div>\n\t\t<\/section>\n\t\t\t\t\t<\/div>\n\t\t<\/div>\n\t\t\t\t\t<\/div>\n\t\t<\/section>\n\t\t\t\t<\/div>\n\t\t","protected":false},"excerpt":{"rendered":"<p>Ferreter\u00eda en Santa Cruz de Tenerife Desde nuestro nacimiento en el coraz\u00f3n de Santa Cruz de Tenerife, hemos estado comprometidos con la excelencia, no solo en los productos que ofrecemos,<\/p>\n","protected":false},"author":1,"featured_media":0,"parent":0,"menu_order":0,"comment_status":"closed","ping_status":"closed","template":"elementor_canvas","meta":{"footnotes":""},"class_list":{"1":"page","2":"type-page","3":"status-publish","4":"hentry"},"_links":{"self":[{"href":"https:\/\/xn--ferreteriamendeznuez-l7b.es\/index.php\/wp-json\/wp\/v2\/pages\/1158"}],"collection":[{"href":"https:\/\/xn--ferreteriamendeznuez-l7b.es\/index.php\/wp-json\/wp\/v2\/pages"}],"about":[{"href":"https:\/\/xn--ferreteriamendeznuez-l7b.es\/index.php\/wp-json\/wp\/v2\/types\/page"}],"author":[{"embeddable":true,"href":"https:\/\/xn--ferreteriamendeznuez-l7b.es\/index.php\/wp-json\/wp\/v2\/users\/1"}],"replies":[{"embeddable":true,"href":"https:\/\/xn--ferreteriamendeznuez-l7b.es\/index.php\/wp-json\/wp\/v2\/comments?post=1158"}],"version-history":[{"count":21,"href":"https:\/\/xn--ferreteriamendeznuez-l7b.es\/index.php\/wp-json\/wp\/v2\/pages\/1158\/revisions"}],"predecessor-version":[{"id":2952,"href":"https:\/\/xn--ferreteriamendeznuez-l7b.es\/index.php\/wp-json\/wp\/v2\/pages\/1158\/revisions\/2952"}],"wp:attachment":[{"href":"https:\/\/xn--ferreteriamendeznuez-l7b.es\/index.php\/wp-json\/wp\/v2\/media?parent=1158"}],"curies":[{"name":"wp","href":"https:\/\/api.w.org\/{rel}","templated":true}]}}